{"id":63,"date":"2018-07-05T12:29:16","date_gmt":"2018-07-05T11:29:16","guid":{"rendered":"http:\/\/www.interdatagc.com\/?page_id=63"},"modified":"2019-07-11T18:12:52","modified_gmt":"2019-07-11T17:12:52","slug":"63-2","status":"publish","type":"page","link":"https:\/\/www.interdatagc.com\/?page_id=63","title":{"rendered":"Aviso legal"},"content":{"rendered":"<p><strong><em>AVISO LEGAL:<\/em><\/strong><\/p>\n<p><strong><em>En cumplimiento del art\u00edculo 10 de la Ley 34\/2002, de \u00a011 de julio, de Servicios de la Sociedad de la Informaci\u00f3n y Comercio Electr\u00f3nico (LSSICE) a continuaci\u00f3n se detallan los datos identificativos de la entidad:<\/em><\/strong><\/p>\n<p>&nbsp;<\/p>\n<p><strong><em>INTERDATA<\/em><\/strong><\/p>\n<p><strong><em>Raz\u00f3n social: INTERDATA GRANDES CUENTAS S.L.<\/em><\/strong><\/p>\n<p><strong><em>NIF: B41938440<\/em><\/strong><\/p>\n<p><strong><em>Direcci\u00f3n: ASTRONOMIA,1,TORRE 1,PL.11, MOD.2-3-PE Nuevo torneo &#8211; 41015 &#8211; SEVILLA &#8211; SEVILLA<\/em><\/strong><\/p>\n<p><strong><em>Tel\u00e9fono: 954310830<\/em><\/strong><\/p>\n<p><strong><em>Email: <a href=\"mailto:info@interdatagc.com\">info@interdatagc.com<\/a><\/em><\/strong><\/p>\n<p><strong><em>DATOS DPO: <\/em><\/strong><a href=\"mailto:info@seinin.com\"><strong><em>info@seinin.com<\/em><\/strong><\/a><\/p>\n<p>&nbsp;<\/p>\n<p><strong><em>FINALIDAD DE LA P\u00c1GINA WEB.<\/em><\/strong><\/p>\n<p><strong><em><u>Informarle sobre nuestros productos y\/o servicios<\/u><\/em><\/strong><\/p>\n<p>&nbsp;<\/p>\n<p><strong><em>El presente aviso legal (en adelante, el \u00abAviso Legal\u00bb) regula el uso del sitio web: http:\/\/www.interdatagc.com\/<\/em><\/strong><\/p>\n<p>&nbsp;<\/p>\n<p><strong><em>LEGISLACI\u00d3N.<\/em><\/strong><\/p>\n<p><strong><em>Con car\u00e1cter general las relaciones entre INTERDATA GRANDES CUENTAS S.L. INTERDATA y los Usuarios de sus servicios telem\u00e1ticos, presentes en este sitio web, se encuentran sometidas a la legislaci\u00f3n y jurisdicci\u00f3n espa\u00f1olas.<\/em><\/strong><\/p>\n<p>&nbsp;<\/p>\n<p><strong><em>USO Y ACCESO DE USUARIOS.<\/em><\/strong><\/p>\n<p><strong><em>El Usuario queda informado, y acepta, que el acceso a la presente web no supone, en modo alguno, el inicio de una relaci\u00f3n comercial con INTERDATA GRANDES CUENTAS S.L. INTERDATA o cualquiera de sus delegaciones.<\/em><\/strong><\/p>\n<p>&nbsp;<\/p>\n<p><strong><em>PROPIEDAD INTELECTUAL E INDUSTRIAL.<\/em><\/strong><\/p>\n<p><strong><em>Los derechos de propiedad intelectual del contenido de las p\u00e1ginas web, su dise\u00f1o gr\u00e1fico y c\u00f3digos son titularidad de INTERDATA GRANDES CUENTAS S.L. INTERDATA y, por tanto, queda prohibida su reproducci\u00f3n, distribuci\u00f3n, comunicaci\u00f3n p\u00fablica, transformaci\u00f3n o cualquier otra actividad que se pueda realizar con los contenidos de sus p\u00e1ginas web ni aun citando las fuentes, salvo consentimiento por escrito de INTERDATA GRANDES CUENTAS S.L. INTERDATA.<\/em><\/strong><\/p>\n<p>&nbsp;<\/p>\n<p><strong><em>CONTENIDO DE LA WEB Y ENLACES (LINKS).<\/em><\/strong><\/p>\n<p><strong><em>INTERDATA GRANDES CUENTAS S.L. INTERDATA \u00a0se reserva el derecho a actualizar, modificar o eliminar la informaci\u00f3n contenida en sus p\u00e1ginas web pudiendo incluso limitar o no permitir el acceso a dicha informaci\u00f3n a ciertos usuarios.<\/em><\/strong><\/p>\n<p>&nbsp;<\/p>\n<p><strong><em>INTERDATA GRANDES CUENTAS S.L. INTERDATA no asume responsabilidad alguna por la informaci\u00f3n contenida en p\u00e1ginas web de terceros a las que se pueda acceder por \u00ablinks\u00bb o enlaces desde cualquier p\u00e1gina web propiedad de INTERDATA GRANDES CUENTAS S.L. INTERDATA. La presencia de \u00ablinks\u00bb o enlaces en las p\u00e1ginas web de INTERDATA GRANDES CUENTAS S.L. INTERDATA tiene finalidad meramente informativa y en ning\u00fan caso supone sugerencia, invitaci\u00f3n o recomendaci\u00f3n sobre los mismos.<\/em><\/strong><\/p>\n","protected":false},"excerpt":{"rendered":"<p>AVISO LEGAL: En cumplimiento del art\u00edculo 10 de la Ley 34\/2002, de \u00a011 de julio, de Servicios de la Sociedad de la Informaci\u00f3n y Comercio Electr\u00f3nico (LSSICE) a continuaci\u00f3n se detallan los datos identificativos de la entidad: &nbsp; INTERDATA Raz\u00f3n social: INTERDATA GRANDES CUENTAS S.L. NIF: B41938440 Direcci\u00f3n: ASTRONOMIA,1,TORRE 1,PL.11, MOD.2-3-PE Nuevo torneo &#8211; 41015<a href=\"https:\/\/www.interdatagc.com\/?page_id=63\">[&#8230;]<\/a><\/p>\n","protected":false},"author":1,"featured_media":0,"parent":0,"menu_order":0,"comment_status":"closed","ping_status":"closed","template":"","meta":{"footnotes":""},"_links":{"self":[{"href":"https:\/\/www.interdatagc.com\/index.php?rest_route=\/wp\/v2\/pages\/63"}],"collection":[{"href":"https:\/\/www.interdatagc.com\/index.php?rest_route=\/wp\/v2\/pages"}],"about":[{"href":"https:\/\/www.interdatagc.com\/index.php?rest_route=\/wp\/v2\/types\/page"}],"author":[{"embeddable":true,"href":"https:\/\/www.interdatagc.com\/index.php?rest_route=\/wp\/v2\/users\/1"}],"replies":[{"embeddable":true,"href":"https:\/\/www.interdatagc.com\/index.php?rest_route=%2Fwp%2Fv2%2Fcomments&post=63"}],"version-history":[{"count":6,"href":"https:\/\/www.interdatagc.com\/index.php?rest_route=\/wp\/v2\/pages\/63\/revisions"}],"predecessor-version":[{"id":90,"href":"https:\/\/www.interdatagc.com\/index.php?rest_route=\/wp\/v2\/pages\/63\/revisions\/90"}],"wp:attachment":[{"href":"https:\/\/www.interdatagc.com\/index.php?rest_route=%2Fwp%2Fv2%2Fmedia&parent=63"}],"curies":[{"name":"wp","href":"https:\/\/api.w.org\/{rel}","templated":true}]}}